{"id":339,"date":"2020-10-26T10:37:21","date_gmt":"2020-10-26T10:37:21","guid":{"rendered":"http:\/\/restaurant-groppo.com\/?page_id=339"},"modified":"2020-11-23T11:23:32","modified_gmt":"2020-11-23T11:23:32","slug":"grupe","status":"publish","type":"page","link":"https:\/\/restaurant-groppo.com\/gb\/grupe\/","title":{"rendered":"Dogadjaji"},"content":{"rendered":"<p><img decoding=\"async\" width=\"322\" height=\"126\" src=\"http:\/\/restaurant-groppo.com\/wp-content\/uploads\/2020\/10\/dogadzaji-hr.png\" alt=\"\" srcset=\"http:\/\/restaurant-groppo.com\/wp-content\/uploads\/2020\/10\/dogadzaji-hr.png 322w, http:\/\/restaurant-groppo.com\/wp-content\/uploads\/2020\/10\/dogadzaji-hr-300x117.png 300w\" sizes=\"(max-width: 322px) 100vw, 322px\" \/>\t\t\t\t\t\t\t\t\t\t\t<\/p>\n<h5><strong>Dragi gosti<\/strong>, <\/p>\n<p>..uz klasi\u010dnu svakodnevnu uslugu pru\u017eamo vam kreativnost i raznolikost u organizaciji svih va\u0161ih va\u017enih doga\u0111aja, kako u privatnom tako i u poslovnom dijelu \u017eivota. Uz ponu\u0111eni prijedlog jela, mogu\u0107e su i druge prilago\u0111ene kombinacije, po \u017eeljama klijenta. <br \/>Birajte va\u0161 paket i obratite nam s povjerenjem.<\/h5>\n<h5><strong>Stojimo Vam na raspolaganju!<\/strong><\/h5>\n<h3 style=\"color: #f89532; text-align: center;\">DOBRODO\u0160LICA<\/h3>\n<p>\t\t\t\t\t\t\t\t\t\t<img decoding=\"async\" width=\"270\" height=\"180\" src=\"http:\/\/restaurant-groppo.com\/wp-content\/uploads\/2020\/10\/GRUPE-dobrodoslica.jpg\" alt=\"\" \/>\t\t\t\t\t\t\t\t\t\t\t<\/p>\n<h5><strong>PI\u0106E DOBRODO\u0160LICE<\/strong><\/h5>\n<p>Izbor \u017eestokih pi\u0107a, doma\u0107ih rakija i likera<br \/>(Medica,\u00a0Smokva, Vi\u0161nja, Dunja, Pelinkovac, Stock)<\/p>\n<p>\t\t\t\t\t\t\t\t\t\t<img decoding=\"async\" width=\"270\" height=\"180\" src=\"http:\/\/restaurant-groppo.com\/wp-content\/uploads\/2020\/10\/GRUPE-zalogajcici.jpg\" alt=\"\" \/>\t\t\t\t\t\t\t\t\t\t\t<\/p>\n<h5><strong>ZALOGAJ\u010cI\u0106I<\/strong><\/h5>\n<p>Bruschette sa sirnim namazom i pr\u0161utomBruschette s kozicamaRolice od suhih \u0161ljiva s pancetomIzbor canap\u00e9 zalogaja (pr\u0161ut, losos, gorgonzola..)<\/p>\n<h5>\u00a0<\/h5>\n<p>\t\t\t\t\t\t\t\t\t\t<img loading=\"lazy\" decoding=\"async\" width=\"270\" height=\"180\" src=\"http:\/\/restaurant-groppo.com\/wp-content\/uploads\/2020\/10\/GRUPE-picha.jpg\" alt=\"\" \/>\t\t\t\t\t\t\t\t\t\t\t<\/p>\n<h5><strong>PAKET PI\u0106A<\/strong><\/h5>\n<p>Doma\u0107e bijelo vino (0,75 l)Doma\u0107e crno vino (0,75 l )Negazirana voda (1 l)Coca-Cola, Fanta, Sprite (1 l)Naran\u010da, Jabuka, Multivitamin (1 l )Pivo doma\u0107e, Radler i bezalkoholnoEspresso kava po izbor<\/p>\n<h5>\u00a0<\/h5>\n<h3 style=\"color: #f89532; text-align: center;\">RIBLJI MENU 1 (3 slijeda)<\/h3>\n<p>\t\t\t\t\t\t\t\t\t\t<img loading=\"lazy\" decoding=\"async\" width=\"270\" height=\"180\" src=\"http:\/\/restaurant-groppo.com\/wp-content\/uploads\/2020\/10\/GRUPE-riba-juha.jpg\" alt=\"\" \/>\t\t\t\t\t\t\t\t\t\t\t<\/p>\n<h5>JUHA<\/h5>\n<p>Gusta riblja juha \u201eGroppo\u201c<br \/>\n\t\t\t\t\t\t\t\t\t\t<img loading=\"lazy\" decoding=\"async\" width=\"270\" height=\"180\" src=\"http:\/\/restaurant-groppo.com\/wp-content\/uploads\/2020\/10\/GRUPE-riba-riyotto.jpg\" alt=\"\" \/>\t\t\t\t\t\t\t\t\t\t\t<\/p>\n<h5>GLAVNO JELO<\/h5>\n<p>Ri\u017eoto s plodovima mora(plodovi mora, ri\u017ea, umak od raj\u010dice, bijelo vino,\u010de\u0161njak, maslinovo ulje)<br \/>\n\t\t\t\t\t\t\t\t\t\t<img loading=\"lazy\" decoding=\"async\" width=\"270\" height=\"180\" src=\"http:\/\/restaurant-groppo.com\/wp-content\/uploads\/2020\/10\/GRUPE-desert.jpg\" alt=\"\" \/>\t\t\t\t\t\t\t\t\t\t\t<\/p>\n<h5>DESERT<\/h5>\n<p>Dnevni kola\u010d<\/p>\n<h3 style=\"color: #f89532; text-align: center;\">RIBLJI MENU 2\u00a0(3 slijeda)<\/h3>\n<p>\t\t\t\t\t\t\t\t\t\t<img loading=\"lazy\" decoding=\"async\" width=\"270\" height=\"180\" src=\"http:\/\/restaurant-groppo.com\/wp-content\/uploads\/2020\/10\/GRUPE-riba-predjelo.jpg\" alt=\"\" \/>\t\t\t\t\t\t\t\t\t\t\t<\/p>\n<h5>PREDJELO<\/h5>\n<p>Bruschette s kozicama\/svje\u017eom tunom(kozice, mozzarella, cherry raj\u010dica, bosiljak,maslinovo ulje)\/ (svje\u017ea jadranska tuna, mascarpone,rikola, maslinovo ulje)<br \/>\n\t\t\t\t\t\t\t\t\t\t<img loading=\"lazy\" decoding=\"async\" width=\"270\" height=\"180\" src=\"http:\/\/restaurant-groppo.com\/wp-content\/uploads\/2020\/10\/GRUPE-riba4-1.jpg\" alt=\"\" \/>\t\t\t\t\t\t\t\t\t\t\t<\/p>\n<h5>GLAVNO JELO<\/h5>\n<p>File lososa u umaku od \u0161kampa(file lososa, umak od \u0161kampi, julienne povr\u0107e)<br \/>\n\t\t\t\t\t\t\t\t\t\t<img loading=\"lazy\" decoding=\"async\" width=\"270\" height=\"180\" src=\"http:\/\/restaurant-groppo.com\/wp-content\/uploads\/2020\/10\/GRUPE-desert-panacota.jpg\" alt=\"\" \/>\t\t\t\t\t\t\t\t\t\t\t<\/p>\n<h5>DESERT<\/h5>\n<p>Panna cotta<\/p>\n<h3 style=\"color: #f89532; text-align: center;\">RIBLJI MENU 3 (3 slijeda)<\/h3>\n<p>\t\t\t\t\t\t\t\t\t\t<img loading=\"lazy\" decoding=\"async\" width=\"270\" height=\"180\" src=\"http:\/\/restaurant-groppo.com\/wp-content\/uploads\/2020\/10\/GRUPE-riba-karpacio.jpg\" alt=\"\" \/>\t\t\t\t\t\t\t\t\t\t\t<\/p>\n<h5>PREDJELO<\/h5>\n<p>Carpaccio od hobotnice\/tune(hobotnica, grana padano, maslinovo ulje)\/(tuna,grana padano, rukola, maslinovo ulje)<br \/>\n\t\t\t\t\t\t\t\t\t\t<img loading=\"lazy\" decoding=\"async\" width=\"270\" height=\"180\" src=\"http:\/\/restaurant-groppo.com\/wp-content\/uploads\/2020\/10\/GRUPE-riba-lignje.jpg\" alt=\"\" \/>\t\t\t\t\t\t\t\t\t\t\t<\/p>\n<h5>GLAVNO JELO<\/h5>\n<p>Tuna na dalamtinski\/lignje na \u017earu\/pr\u017eene\u00a0lignje(jadranska tuna, blitva s krumpirom)\/\u00a0(lignje, blitva skrumpirom)\/(lignje, pomfrit, tartar)<br \/>\n\t\t\t\t\t\t\t\t\t\t<img loading=\"lazy\" decoding=\"async\" width=\"270\" height=\"180\" src=\"http:\/\/restaurant-groppo.com\/wp-content\/uploads\/2020\/10\/GRUPE-desert2.jpg\" alt=\"\" \/>\t\t\t\t\t\t\t\t\t\t\t<\/p>\n<h5>DESERT<\/h5>\n<p>Dnevni kola\u010d\t\t<\/p>\n<h3 style=\"color: #f89532; text-align: center;\">MESNI MENU 1 (3 slijeda)<\/h3>\n<p>\t\t\t\t\t\t\t\t\t\t<img loading=\"lazy\" decoding=\"async\" width=\"270\" height=\"180\" src=\"http:\/\/restaurant-groppo.com\/wp-content\/uploads\/2020\/10\/GRUPE-govedja-juha.jpg\" alt=\"\" \/>\t\t\t\t\t\t\t\t\t\t\t<\/p>\n<h5>JUHA<\/h5>\n<p>Tradicionalna gove\u0111a juha<br \/>\n\t\t\t\t\t\t\t\t\t\t<img loading=\"lazy\" decoding=\"async\" width=\"270\" height=\"180\" src=\"http:\/\/restaurant-groppo.com\/wp-content\/uploads\/2020\/10\/GRUPE-ramsteak.jpg\" alt=\"\" \/>\t\t\t\t\t\t\t\t\t\t\t<\/p>\n<h5>GLAVNO JELO<\/h5>\n<p>Kraljevski ramsteak(ramstek, sezonsko povr\u0107e)<br \/>\n\t\t\t\t\t\t\t\t\t\t<img loading=\"lazy\" decoding=\"async\" width=\"270\" height=\"180\" src=\"http:\/\/restaurant-groppo.com\/wp-content\/uploads\/2020\/10\/GRUPE-desert-sladoled-1.jpg\" alt=\"\" \/>\t\t\t\t\t\t\t\t\t\t\t<\/p>\n<h5>DESERT<\/h5>\n<p>Sladoled\t\t<\/p>\n<h3 style=\"color: #f89532; text-align: center;\">MESNI MENU 2\u00a0(3 slijeda)<\/h3>\n<p>\t\t\t\t\t\t\t\t\t\t<img loading=\"lazy\" decoding=\"async\" width=\"270\" height=\"180\" src=\"http:\/\/restaurant-groppo.com\/wp-content\/uploads\/2020\/10\/GRUPE-Caprese-salata.jpg\" alt=\"\" \/>\t\t\t\t\t\t\t\t\t\t\t<\/p>\n<h5>PREDJELO<\/h5>\n<p>Caprese salata(mozzarela, raj\u010dica, pesto genovese, maslinovo ulje)<br \/>\n\t\t\t\t\t\t\t\t\t\t<img loading=\"lazy\" decoding=\"async\" width=\"270\" height=\"180\" src=\"http:\/\/restaurant-groppo.com\/wp-content\/uploads\/2020\/10\/GRUPE-biftek-na-rikoli.jpg\" alt=\"\" \/>\t\t\t\t\t\t\t\t\t\t\t<\/p>\n<h5>GLAVNO JELO<\/h5>\n<p>Biftek na rikoli s grana padanom(janje\u0107i but, tagliatelle, rikola)<br \/>\n\t\t\t\t\t\t\t\t\t\t<img loading=\"lazy\" decoding=\"async\" width=\"270\" height=\"180\" src=\"http:\/\/restaurant-groppo.com\/wp-content\/uploads\/2020\/10\/GRUPE-sufle.jpg\" alt=\"\" \/>\t\t\t\t\t\t\t\t\t\t\t<\/p>\n<h5>DESERT<\/h5>\n<p>\u010cokoladni Souffl\u00e9\t\t<\/p>\n<h3 style=\"color: #f89532; text-align: center;\">MESNI MENU 3 (3 slijeda)<\/h3>\n<p>\t\t\t\t\t\t\t\t\t\t<img loading=\"lazy\" decoding=\"async\" width=\"270\" height=\"180\" src=\"http:\/\/restaurant-groppo.com\/wp-content\/uploads\/2020\/10\/GRUPE-gljivlja-juha.jpg\" alt=\"\" \/>\t\t\t\t\t\t\t\t\t\t\t<\/p>\n<h5>PREDJELO<\/h5>\n<p>Krem juha od gljiva jablanova\u010da i zadarskogtartufa<br \/>\n\t\t\t\t\t\t\t\t\t\t<img loading=\"lazy\" decoding=\"async\" width=\"270\" height=\"180\" src=\"http:\/\/restaurant-groppo.com\/wp-content\/uploads\/2020\/10\/GRUPE-janjetina-u-crnom-vinu.jpg\" alt=\"\" \/>\t\t\t\t\t\t\t\t\t\t\t<\/p>\n<h5>GLAVNO JELO<\/h5>\n<p>Janje\u0107a koljenica u umaku od crnog vina(janje\u0107a koljenica, crno vino, ru\u017emarin, \u010de\u0161njak,krumpir krema)<br \/>\n\t\t\t\t\t\t\t\t\t\t<img loading=\"lazy\" decoding=\"async\" width=\"270\" height=\"180\" src=\"http:\/\/restaurant-groppo.com\/wp-content\/uploads\/2020\/10\/GRUPE-sufle.jpg\" alt=\"\" \/>\t\t\t\t\t\t\t\t\t\t\t<\/p>\n<h5>DESERT<\/h5>\n<p>\u010cokoladni Souffl\u00e9\t\t<\/p>\n<h3 style=\"color: #f89532; text-align: center;\">RIBLJI MENU (4 slijeda)<\/h3>\n<p>\t\t\t\t\t\t\t\t\t\t<img loading=\"lazy\" decoding=\"async\" width=\"270\" height=\"180\" src=\"http:\/\/restaurant-groppo.com\/wp-content\/uploads\/2020\/10\/GRUPE-tartar-od-ribe.jpg\" alt=\"\" \/>\t\t\t\t\t\t\t\t\t\t\t<\/p>\n<h5>PREDJELO<\/h5>\n<p>\u201cGroppo\u201d delicije(tartar od svje\u017ee ribe, krema od daganja, slani in\u0107uni)<br \/>\n\t\t\t\t\t\t\t\t\t\t<img loading=\"lazy\" decoding=\"async\" width=\"270\" height=\"180\" src=\"http:\/\/restaurant-groppo.com\/wp-content\/uploads\/2020\/10\/GRUPE-riba-juha.jpg\" alt=\"\" \/>\t\t\t\t\t\t\t\t\t\t\t<\/p>\n<h5>JUHA<\/h5>\n<p>Gusta riblja juha \u201eGroppo\u201c<br \/>\n\t\t\t\t\t\t\t\t\t\t<img loading=\"lazy\" decoding=\"async\" width=\"270\" height=\"180\" src=\"http:\/\/restaurant-groppo.com\/wp-content\/uploads\/2020\/10\/GRUPE-brancin-u-omotu.jpg\" alt=\"\" \/>\t\t\t\t\t\t\t\t\t\t\t<\/p>\n<h5>GLAVNO JELO<\/h5>\n<p>Brancin u \u0161kartocu(file brancina, umak od mara\u0161tine, sezonsko povr\u0107e)<br \/>\n\t\t\t\t\t\t\t\t\t\t<img loading=\"lazy\" decoding=\"async\" width=\"270\" height=\"180\" src=\"http:\/\/restaurant-groppo.com\/wp-content\/uploads\/2020\/10\/GRUPE-desert-1.jpg\" alt=\"\" \/>\t\t\t\t\t\t\t\t\t\t\t<\/p>\n<h5>DESERT<\/h5>\n<p>Dnevni kola\u010d\t\t<\/p>\n<h3 style=\"color: #f89532; text-align: center;\">MESNI MENU (4 slijeda)<\/h3>\n<p>\t\t\t\t\t\t\t\t\t\t<img loading=\"lazy\" decoding=\"async\" width=\"270\" height=\"180\" src=\"http:\/\/restaurant-groppo.com\/wp-content\/uploads\/2020\/10\/GRUPE-bruschete-s-prsutom.jpg\" alt=\"\" \/>\t\t\t\t\t\t\t\t\t\t\t<\/p>\n<h5>PREDJELO<\/h5>\n<p>Bruschette s pr\u0161utom(suhe smokve, ricotta, rikola, maslinovo ulje)<br \/>\n\t\t\t\t\t\t\t\t\t\t<img loading=\"lazy\" decoding=\"async\" width=\"270\" height=\"180\" src=\"http:\/\/restaurant-groppo.com\/wp-content\/uploads\/2020\/10\/GRUPE-gljivlja-juha.jpg\" alt=\"\" \/>\t\t\t\t\t\t\t\t\t\t\t<\/p>\n<h5>JUHA<\/h5>\n<p>Tradicionalna gove\u0111a juha\/krema juha od gljiva jablanova\u010da izadarskog tartufa<br \/>\n\t\t\t\t\t\t\t\t\t\t<img loading=\"lazy\" decoding=\"async\" width=\"270\" height=\"180\" src=\"http:\/\/restaurant-groppo.com\/wp-content\/uploads\/2020\/10\/GRUPE-file-od-lungica.jpg\" alt=\"\" \/>\t\t\t\t\t\t\t\t\t\t\t<\/p>\n<h5>GLAVNO JELO<\/h5>\n<p>File lungi\u0107a s pireom od celera\/krumpira(lungi\u0107, celer\/krumpir)<br \/>\n\t\t\t\t\t\t\t\t\t\t<img loading=\"lazy\" decoding=\"async\" width=\"270\" height=\"180\" src=\"http:\/\/restaurant-groppo.com\/wp-content\/uploads\/2020\/10\/GRUPE-desert-panacota.jpg\" alt=\"\" \/>\t\t\t\t\t\t\t\t\t\t\t<\/p>\n<h5>DESERT<\/h5>\n<p>Panna cotta<\/p>\n","protected":false},"excerpt":{"rendered":"<p>Dragi gosti, ..uz klasi\u010dnu svakodnevnu uslugu pru\u017eamo vam kreativnost i raznolikost u organizaciji svih va\u0161ih va\u017enih doga\u0111aja, kako u privatnom tako i u poslovnom dijelu \u017eivota. Uz ponu\u0111eni prijedlog jela, mogu\u0107e su i druge prilago\u0111ene kombinacije, po \u017eeljama klijenta. Birajte va\u0161 paket i obratite nam s povjerenjem. Stojimo Vam na raspolaganju! DOBRODO\u0160LICA PI\u0106E DOBRODO\u0160LICE Izbor [&hellip;]<\/p>\n","protected":false},"author":1,"featured_media":55,"parent":0,"menu_order":0,"comment_status":"closed","ping_status":"closed","template":"template-full-width.php","meta":{"footnotes":""},"class_list":["post-339","page","type-page","status-publish","has-post-thumbnail","hentry"],"translation":{"provider":"WPGlobus","version":"3.0.2","language":"gb","enabled_languages":["hr","gb"],"languages":{"hr":{"title":true,"content":true,"excerpt":false},"gb":{"title":true,"content":true,"excerpt":false}}},"aioseo_notices":[],"_links":{"self":[{"href":"https:\/\/restaurant-groppo.com\/gb\/wp-json\/wp\/v2\/pages\/339","targetHints":{"allow":["GET"]}}],"collection":[{"href":"https:\/\/restaurant-groppo.com\/gb\/wp-json\/wp\/v2\/pages"}],"about":[{"href":"https:\/\/restaurant-groppo.com\/gb\/wp-json\/wp\/v2\/types\/page"}],"author":[{"embeddable":true,"href":"https:\/\/restaurant-groppo.com\/gb\/wp-json\/wp\/v2\/users\/1"}],"replies":[{"embeddable":true,"href":"https:\/\/restaurant-groppo.com\/gb\/wp-json\/wp\/v2\/comments?post=339"}],"version-history":[{"count":0,"href":"https:\/\/restaurant-groppo.com\/gb\/wp-json\/wp\/v2\/pages\/339\/revisions"}],"wp:featuredmedia":[{"embeddable":true,"href":"https:\/\/restaurant-groppo.com\/gb\/wp-json\/wp\/v2\/media\/55"}],"wp:attachment":[{"href":"https:\/\/restaurant-groppo.com\/gb\/wp-json\/wp\/v2\/media?parent=339"}],"curies":[{"name":"wp","href":"https:\/\/api.w.org\/{rel}","templated":true}]}}